{"id":184,"date":"2025-06-23T20:52:20","date_gmt":"2025-06-23T18:52:20","guid":{"rendered":"https:\/\/communesactivistes.org\/?page_id=184"},"modified":"2025-07-27T21:11:55","modified_gmt":"2025-07-27T19:11:55","slug":"communaute","status":"publish","type":"page","link":"https:\/\/communesactivistes.org\/?page_id=184","title":{"rendered":"Communaut\u00e9"},"content":{"rendered":"\n<div class=\"wp-block-group alignfull has-base-2-background-color has-background has-global-padding is-layout-constrained wp-container-core-group-is-layout-669513ed wp-block-group-is-layout-constrained\" style=\"margin-top:0;margin-bottom:0;padding-top:var(--wp--preset--spacing--50);padding-right:var(--wp--preset--spacing--50);padding-bottom:var(--wp--preset--spacing--50);padding-left:var(--wp--preset--spacing--50)\">\n<div class=\"wp-block-group is-vertical is-content-justification-center is-layout-flex wp-container-core-group-is-layout-52b864f0 wp-block-group-is-layout-flex\">\n<h2 class=\"wp-block-heading has-text-align-center is-style-asterisk has-base-color has-text-color has-link-color wp-elements-6b4dd27b716264e249ac21567f00229b\">Leurs retours d&rsquo;exp\u00e9rience<br><\/h2>\n<\/div>\n\n\n\n<div class=\"wp-block-columns alignwide is-layout-flex wp-container-core-columns-is-layout-d0bbbce0 wp-block-columns-is-layout-flex\">\n<div class=\"wp-block-column is-layout-flow wp-container-core-column-is-layout-e3d1c41b wp-block-column-is-layout-flow\">\n<h3 class=\"wp-block-heading has-text-align-left is-style-asterisk has-base-color has-text-color has-link-color has-heading-font-family wp-elements-d31eb47f260e7fffa4803435689ac885\" style=\"font-size:clamp(0.929rem, 0.929rem + ((1vw - 0.2rem) * 0.785), 1.4rem);font-style:normal;font-weight:400\"><br>Arriv\u00e9e quasi en burn out militant et je repars avec de l\u2019\u00e9nergie.<\/h3>\n\n\n\n<h3 class=\"wp-block-heading has-text-align-left is-style-asterisk has-base-color has-text-color has-link-color has-heading-font-family wp-elements-f019e4a0e8993a90f911da513c2ef6da\" style=\"font-size:clamp(0.929rem, 0.929rem + ((1vw - 0.2rem) * 0.785), 1.4rem);font-style:normal;font-weight:400\"><br>Ce s\u00e9jour participe d\u2019une culture militante ouverte, un truc sain ; je suis content de participer de ce bon sens-l\u00e0.<\/h3>\n\n\n\n<h3 class=\"wp-block-heading has-text-align-left is-style-asterisk has-base-color has-text-color has-link-color has-heading-font-family wp-elements-5ebcd82b1f82d839e8a7afa3c36818ab\" style=\"font-size:clamp(0.929rem, 0.929rem + ((1vw - 0.2rem) * 0.785), 1.4rem);font-style:normal;font-weight:400\"><br>Une r\u00e9sidence c&rsquo;est le lieu o\u00f9 les mouvements peuvent se r\u00e9unir pour surmonter leurs a priori en \u00e9tablissant une communication dans un cadre serein \/ constructif, et qui permettra je pense d&rsquo;aller plus loin en construisant des strat\u00e9gies communes en tant qu&rsquo;\u00e9cosyst\u00e8me de l&rsquo;\u00e9cologie et de la justice sociale.<\/h3>\n\n\n\n<h3 class=\"wp-block-heading has-text-align-left is-style-asterisk has-base-color has-text-color has-link-color has-heading-font-family wp-elements-506f231ffa052499fe705edc63933587\" style=\"font-size:clamp(0.929rem, 0.929rem + ((1vw - 0.2rem) * 0.785), 1.4rem);font-style:normal;font-weight:400\"><br><br><br><\/h3>\n<\/div>\n\n\n\n<div class=\"wp-block-column is-layout-flow wp-container-core-column-is-layout-e3d1c41b wp-block-column-is-layout-flow\">\n<h3 class=\"wp-block-heading has-text-align-left is-style-asterisk has-base-color has-text-color has-link-color has-heading-font-family wp-elements-7e27e3d2dce1e77cf7011bcc763ba61b\" style=\"font-size:clamp(0.929rem, 0.929rem + ((1vw - 0.2rem) * 0.785), 1.4rem);font-style:normal;font-weight:400\"><br>La rencontre d\u2019une diversit\u00e9 de luttes m\u2019a permis de replacer mon action dans un mouvement plus long, de me sentir reli\u00e9\u00b7e et donc soutenu\u00b7e, ce qui (re)donne de l\u2019espoir.<\/h3>\n\n\n\n<h3 class=\"wp-block-heading has-text-align-left is-style-asterisk has-base-color has-text-color has-link-color has-heading-font-family wp-elements-d3d825269d6484fb9972962f966e0a72\" style=\"font-size:clamp(0.929rem, 0.929rem + ((1vw - 0.2rem) * 0.785), 1.4rem);font-style:normal;font-weight:400\"><br>\u00c7a me donne envie de continuer d\u2019avancer sur la mise en place de collectif formateur\u00b7ices, de travailler sur les questions de coop\u00e9ration militantes.<\/h3>\n\n\n\n<h3 class=\"wp-block-heading has-text-align-left is-style-asterisk has-base-color has-text-color has-link-color has-heading-font-family wp-elements-de8e803e44341b8d121f8621c4d8e2ce\" style=\"font-size:clamp(0.929rem, 0.929rem + ((1vw - 0.2rem) * 0.785), 1.4rem);font-style:normal;font-weight:400\"><br>J\u2019\u00e9tais fatigu\u00e9e en arrivant, je repars moins fatigu\u00e9e, m\u00eame si on a travaill\u00e9 beaucoup.<\/h3>\n\n\n\n<h3 class=\"wp-block-heading has-text-align-left is-style-asterisk has-base-color has-text-color has-link-color has-heading-font-family wp-elements-e354f3801e6a17e8ce577cd59831507e\" style=\"font-size:clamp(0.929rem, 0.929rem + ((1vw - 0.2rem) * 0.785), 1.4rem);font-style:normal;font-weight:400\"><br><\/h3>\n<\/div>\n\n\n\n<div class=\"wp-block-column is-layout-flow wp-container-core-column-is-layout-e3d1c41b wp-block-column-is-layout-flow\">\n<div class=\"wp-block-group is-nowrap is-layout-flex wp-container-core-group-is-layout-6c531013 wp-block-group-is-layout-flex\">\n<h3 class=\"wp-block-heading has-text-align-left is-style-asterisk has-base-color has-text-color has-link-color has-heading-font-family wp-elements-d7316716c1e9106cd179942444e1e071\" style=\"font-size:clamp(0.929rem, 0.929rem + ((1vw - 0.2rem) * 0.785), 1.4rem);font-style:normal;font-weight:400\"><br>Ce s\u00e9jour \u00e9tait une sorte de luxe.<\/h3>\n<\/div>\n\n\n\n<div class=\"wp-block-group is-nowrap is-layout-flex wp-container-core-group-is-layout-6c531013 wp-block-group-is-layout-flex\">\n<h3 class=\"wp-block-heading has-text-align-left is-style-asterisk has-base-color has-text-color has-link-color has-heading-font-family wp-elements-f012b5c0966cb842506fe8e06754cd0f\" style=\"font-size:clamp(0.929rem, 0.929rem + ((1vw - 0.2rem) * 0.785), 1.4rem);font-style:normal;font-weight:400\"><br>Ce que la r\u00e9sidence m\u2019a apport\u00e9\u00a0: une d\u00e9couverte d\u2019univers militants diff\u00e9rents, une mise en perspective des luttes dans le temps qui m\u2019a apais\u00e9e (gros big up \u00e0 cet exercice sur la Fresque !).<br>Et de belles rencontres que j\u2019ai h\u00e2te de recroiser aux R\u00e9sistantes (ou avant ou ailleurs aussi, j\u2019aimerais bien) !<br>Quelque chose a boug\u00e9 en moi aussi gr\u00e2ce \u00e0 cette formation. Comme si je prenais conscience que je pouvais prendre une place au sein de la r\u00e9sistance citoyenne. Comme une sorte de mue, de personne politis\u00e9e \u00e0 militante plus consciente des dynamiques de luttes.<\/h3>\n<\/div>\n\n\n\n<div class=\"wp-block-group is-nowrap is-layout-flex wp-container-core-group-is-layout-6c531013 wp-block-group-is-layout-flex\">\n<h3 class=\"wp-block-heading has-text-align-left is-style-asterisk has-base-color has-text-color has-link-color has-heading-font-family wp-elements-1eec46f8b869c5f2e89891f0c01d7ef7\" style=\"font-size:clamp(0.929rem, 0.929rem + ((1vw - 0.2rem) * 0.785), 1.4rem);font-style:normal;font-weight:400\"><br>On a eu un autre rapport au temps.<\/h3>\n<\/div>\n\n\n\n<h3 class=\"wp-block-heading has-text-align-left is-style-asterisk has-base-color has-text-color has-link-color has-heading-font-family wp-elements-c94e0cf29f3fd5b9983feca3850e065c\" style=\"font-size:clamp(0.929rem, 0.929rem + ((1vw - 0.2rem) * 0.785), 1.4rem);font-style:normal;font-weight:400\"><\/h3>\n<\/div>\n<\/div>\n\n\n\n<div style=\"height:var(--wp--preset--spacing--20)\" aria-hidden=\"true\" class=\"wp-block-spacer\"><\/div>\n<\/div>\n\n\n\n<div class=\"wp-block-cover alignfull has-parallax\" style=\"padding-top:var(--wp--preset--spacing--50);padding-right:var(--wp--preset--spacing--50);padding-bottom:var(--wp--preset--spacing--50);padding-left:var(--wp--preset--spacing--50);min-height:100vh;aspect-ratio:unset;\"><div class=\"wp-block-cover__image-background wp-image-331 size-large has-parallax\" style=\"background-position:50% 50%;background-image:url(https:\/\/communesactivistes.org\/wp-content\/uploads\/2025\/07\/signal-2024-12-24-174928_008-1-1024x576.jpeg)\"><\/div><span aria-hidden=\"true\" class=\"wp-block-cover__background has-base-background-color has-background-dim-0 has-background-dim\"><\/span><div class=\"wp-block-cover__inner-container has-global-padding is-layout-constrained wp-container-core-cover-is-layout-e4fd886c wp-block-cover-is-layout-constrained\">\n<div style=\"height:500px\" aria-hidden=\"true\" class=\"wp-block-spacer\"><\/div>\n<\/div><\/div>\n\n\n\n<div class=\"wp-block-group alignfull has-custom-color-3-background-color has-background is-vertical is-content-justification-center is-layout-flex wp-container-core-group-is-layout-66bd2e8f wp-block-group-is-layout-flex\" style=\"min-height:80vh;margin-top:20px;margin-bottom:20px;padding-top:0;padding-right:var(--wp--preset--spacing--50);padding-bottom:0;padding-left:var(--wp--preset--spacing--50)\">\n<div class=\"wp-block-group has-global-padding is-layout-constrained wp-block-group-is-layout-constrained\">\n<figure class=\"wp-block-image aligncenter size-full is-resized\"><img decoding=\"async\" src=\"http:\/\/communesactivistes.org\/wp-content\/themes\/twentytwentyfour\/assets\/images\/icon-message.webp\" alt=\"\" style=\"object-fit:cover;width:45px;height:49px\"\/><\/figure>\n\n\n\n<div style=\"height:var(--wp--preset--spacing--10)\" aria-hidden=\"true\" class=\"wp-block-spacer\"><\/div>\n\n\n\n<h2 class=\"wp-block-heading has-text-align-center has-custom-color-5-color has-text-color has-link-color has-heading-font-family has-x-large-font-size wp-elements-cb4da82418e22598f6111eb293aa6e94\" style=\"margin-right:0;margin-left:0;padding-right:0;padding-left:0\">Recevez les informations sur les prochaines&nbsp;r\u00e9sidences.<\/h2>\n\n\n\n<div style=\"height:var(--wp--preset--spacing--10)\" aria-hidden=\"true\" class=\"wp-block-spacer\"><\/div>\n\n\n\n<div class=\"wp-block-buttons is-content-justification-center is-layout-flex wp-container-core-buttons-is-layout-a89b3969 wp-block-buttons-is-layout-flex\">\n<div class=\"wp-block-button is-style-outline is-style-outline--1\"><a class=\"wp-block-button__link has-base-color has-base-2-background-color has-text-color has-background has-link-color has-border-color has-base-2-border-color wp-element-button\" href=\"mailto:communesactivistes@posteo.net\" target=\"_blank\" rel=\"noreferrer noopener\"><strong>S\u2019inscrire<\/strong><\/a><\/div>\n<\/div>\n<\/div>\n<\/div>\n","protected":false},"excerpt":{"rendered":"","protected":false},"author":1,"featured_media":0,"parent":0,"menu_order":0,"comment_status":"closed","ping_status":"closed","template":"","meta":{"footnotes":""},"class_list":["post-184","page","type-page","status-publish","hentry"],"_links":{"self":[{"href":"https:\/\/communesactivistes.org\/index.php?rest_route=\/wp\/v2\/pages\/184","targetHints":{"allow":["GET"]}}],"collection":[{"href":"https:\/\/communesactivistes.org\/index.php?rest_route=\/wp\/v2\/pages"}],"about":[{"href":"https:\/\/communesactivistes.org\/index.php?rest_route=\/wp\/v2\/types\/page"}],"author":[{"embeddable":true,"href":"https:\/\/communesactivistes.org\/index.php?rest_route=\/wp\/v2\/users\/1"}],"replies":[{"embeddable":true,"href":"https:\/\/communesactivistes.org\/index.php?rest_route=%2Fwp%2Fv2%2Fcomments&post=184"}],"version-history":[{"count":4,"href":"https:\/\/communesactivistes.org\/index.php?rest_route=\/wp\/v2\/pages\/184\/revisions"}],"predecessor-version":[{"id":362,"href":"https:\/\/communesactivistes.org\/index.php?rest_route=\/wp\/v2\/pages\/184\/revisions\/362"}],"wp:attachment":[{"href":"https:\/\/communesactivistes.org\/index.php?rest_route=%2Fwp%2Fv2%2Fmedia&parent=184"}],"curies":[{"name":"wp","href":"https:\/\/api.w.org\/{rel}","templated":true}]}}