{"id":246,"date":"2025-07-02T13:35:24","date_gmt":"2025-07-02T11:35:24","guid":{"rendered":"https:\/\/communesactivistes.org\/?page_id=246"},"modified":"2025-07-27T21:27:54","modified_gmt":"2025-07-27T19:27:54","slug":"je-soutiens","status":"publish","type":"page","link":"https:\/\/communesactivistes.org\/?page_id=246","title":{"rendered":"Je soutiens"},"content":{"rendered":"\n<div class=\"wp-block-group alignfull has-base-color has-custom-color-1-background-color has-text-color has-background has-link-color wp-elements-eebb6e0d755e4f0f9144d96da5b33e76 has-global-padding is-layout-constrained wp-container-core-group-is-layout-669513ed wp-block-group-is-layout-constrained\" style=\"margin-top:0;margin-bottom:0;padding-top:var(--wp--preset--spacing--50);padding-right:var(--wp--preset--spacing--50);padding-bottom:var(--wp--preset--spacing--50);padding-left:var(--wp--preset--spacing--50)\">\n<div class=\"wp-block-columns alignwide is-layout-flex wp-container-core-columns-is-layout-28f84493 wp-block-columns-is-layout-flex\">\n<div class=\"wp-block-column is-layout-flow wp-block-column-is-layout-flow\" style=\"flex-basis:40%\">\n<p class=\"wp-container-content-0733e5d0\">Comment ?<\/p>\n<\/div>\n\n\n\n<div class=\"wp-block-column is-layout-flow wp-block-column-is-layout-flow\" style=\"flex-basis:60%\">\n<p class=\"has-heading-font-family has-large-font-size\" style=\"line-height:1.2\">Vous pouvez soutenir Commune\u00b7s activiste\u00b7s de plusieurs fa\u00e7ons :<br>&#8211; En devenant partenaires<br>&#8211; En finan\u00e7ant <a href=\"https:\/\/www.helloasso.com\/associations\/commune-s-activiste-s\" data-type=\"link\" data-id=\"https:\/\/www.helloasso.com\/associations\/commune-s-activiste-s\" target=\"_blank\" rel=\"noreferrer noopener\">nos activit\u00e9s<\/a><br>&#8211; En participant \u00e0 nos activit\u00e9s<\/p>\n<\/div>\n<\/div>\n<\/div>\n\n\n\n<div class=\"wp-block-group alignfull has-base-background-color has-background has-global-padding is-layout-constrained wp-container-core-group-is-layout-d89aad35 wp-block-group-is-layout-constrained\" style=\"margin-top:0;margin-bottom:0;padding-top:var(--wp--preset--spacing--50);padding-right:var(--wp--preset--spacing--50);padding-bottom:var(--wp--preset--spacing--50);padding-left:var(--wp--preset--spacing--50)\">\n<div class=\"wp-block-columns alignwide is-layout-flex wp-container-core-columns-is-layout-549b0c86 wp-block-columns-is-layout-flex\">\n<div class=\"wp-block-column has-global-padding is-content-justification-left is-layout-constrained wp-container-core-column-is-layout-4f15e8fe wp-block-column-is-layout-constrained\" style=\"flex-basis:40%\">\n<p>Etre partenaire de Commune\u00b7s Activiste\u00b7s c\u2019est : <\/p>\n<\/div>\n\n\n\n<div class=\"wp-block-column is-layout-flow wp-container-core-column-is-layout-119bc444 wp-block-column-is-layout-flow\" style=\"flex-basis:60%\">\n<p class=\"has-heading-font-family has-large-font-size\" style=\"line-height:1.2\">&#8211; Une participation directe \u00e0 la transmission interg\u00e9n\u00e9rationnelle et int\u00e9gration d\u2019un ou plusieurs membres \u00e0 des r\u00e9sidences.<br>&#8211; Une contribution financi\u00e8re \u00e0 l\u2019initiative Commune\u00b7s Activiste\u00b7s<br>&#8211; Fabriquer des liens interg\u00e9n\u00e9rationnels et renforcer les mobilisations actuelles.<br>&#8211; Entrer en contact avec diff\u00e9rents profils militants et rejoindre l\u2019annuaire de la communaut\u00e9.<br>&#8211; Visibiliser l\u2019action aupr\u00e8s d\u2019autres types de militants, mieux comprendre leurs mobilisations, et explorer les collaborations et coop\u00e9rations possibles.<\/p>\n\n\n\n<div class=\"wp-block-columns is-layout-flex wp-container-core-columns-is-layout-87beb0d0 wp-block-columns-is-layout-flex\">\n<div class=\"wp-block-column is-layout-flow wp-block-column-is-layout-flow\">\n<p class=\"wp-container-content-9cfa9a5a\">Notre mod\u00e8le \u00e9conomique repose sur <strong>deux sources de financement principales \u00e0 court terme<\/strong>, partenariats associatifs et soutiens philanthropiques.<\/p>\n\n\n\n<p><\/p>\n\n\n\n<p class=\"wp-container-content-9cfa9a5a\"><\/p>\n<\/div>\n\n\n\n<div class=\"wp-block-column is-layout-flow wp-block-column-is-layout-flow\">\n<p>Un prix conscient pour des <strong>participant\u00b7e\u00b7s de tout niveau de revenu<\/strong> qui ne soit jamais une entrave. (<a href=\"https:\/\/communesactivistes.org\/?page_id=91\" data-type=\"page\" data-id=\"91\">voir notre FAQ<\/a>)<\/p>\n\n\n\n<p class=\"wp-container-content-9cfa9a5a\"><strong>A moyen terme, des financements institutionnels<\/strong> : formation, \u00e9ducation populaire, Europe, etc.<\/p>\n<\/div>\n<\/div>\n<\/div>\n<\/div>\n<\/div>\n\n\n\n<div class=\"wp-block-group alignfull has-custom-color-3-background-color has-background is-vertical is-content-justification-center is-layout-flex wp-container-core-group-is-layout-66bd2e8f wp-block-group-is-layout-flex\" style=\"min-height:80vh;margin-top:20px;margin-bottom:20px;padding-top:0;padding-right:var(--wp--preset--spacing--50);padding-bottom:0;padding-left:var(--wp--preset--spacing--50)\">\n<div class=\"wp-block-group has-global-padding is-layout-constrained wp-block-group-is-layout-constrained\">\n<figure class=\"wp-block-image aligncenter size-full is-resized\"><img decoding=\"async\" src=\"http:\/\/communesactivistes.org\/wp-content\/themes\/twentytwentyfour\/assets\/images\/icon-message.webp\" alt=\"\" style=\"object-fit:cover;width:45px;height:49px\"\/><\/figure>\n\n\n\n<div style=\"height:var(--wp--preset--spacing--10)\" aria-hidden=\"true\" class=\"wp-block-spacer\"><\/div>\n\n\n\n<h2 class=\"wp-block-heading has-text-align-center has-custom-color-5-color has-text-color has-link-color has-heading-font-family has-x-large-font-size wp-elements-cb4da82418e22598f6111eb293aa6e94\" style=\"margin-right:0;margin-left:0;padding-right:0;padding-left:0\">Recevez les informations sur les prochaines&nbsp;r\u00e9sidences.<\/h2>\n\n\n\n<div style=\"height:var(--wp--preset--spacing--10)\" aria-hidden=\"true\" class=\"wp-block-spacer\"><\/div>\n\n\n\n<div class=\"wp-block-buttons is-content-justification-center is-layout-flex wp-container-core-buttons-is-layout-a89b3969 wp-block-buttons-is-layout-flex\">\n<div class=\"wp-block-button is-style-outline is-style-outline--1\"><a class=\"wp-block-button__link has-base-color has-base-2-background-color has-text-color has-background has-link-color has-border-color has-base-2-border-color wp-element-button\" href=\"mailto:communesactivistes@posteo.net\" target=\"_blank\" rel=\"noreferrer noopener\"><strong>S\u2019inscrire<\/strong><\/a><\/div>\n<\/div>\n<\/div>\n<\/div>\n","protected":false},"excerpt":{"rendered":"<p>Comment ? Vous pouvez soutenir Commune\u00b7s activiste\u00b7s de plusieurs fa\u00e7ons :&#8211; En devenant partenaires&#8211; En finan\u00e7ant nos activit\u00e9s&#8211; En participant \u00e0 nos activit\u00e9s Etre partenaire de Commune\u00b7s Activiste\u00b7s c\u2019est : &#8211; Une participation directe \u00e0 la transmission interg\u00e9n\u00e9rationnelle et int\u00e9gration d\u2019un ou plusieurs membres \u00e0 des r\u00e9sidences.&#8211; Une contribution financi\u00e8re \u00e0 l\u2019initiative Commune\u00b7s Activiste\u00b7s&#8211; Fabriquer [&hellip;]<\/p>\n","protected":false},"author":1,"featured_media":0,"parent":0,"menu_order":0,"comment_status":"closed","ping_status":"closed","template":"","meta":{"footnotes":""},"class_list":["post-246","page","type-page","status-publish","hentry"],"_links":{"self":[{"href":"https:\/\/communesactivistes.org\/index.php?rest_route=\/wp\/v2\/pages\/246","targetHints":{"allow":["GET"]}}],"collection":[{"href":"https:\/\/communesactivistes.org\/index.php?rest_route=\/wp\/v2\/pages"}],"about":[{"href":"https:\/\/communesactivistes.org\/index.php?rest_route=\/wp\/v2\/types\/page"}],"author":[{"embeddable":true,"href":"https:\/\/communesactivistes.org\/index.php?rest_route=\/wp\/v2\/users\/1"}],"replies":[{"embeddable":true,"href":"https:\/\/communesactivistes.org\/index.php?rest_route=%2Fwp%2Fv2%2Fcomments&post=246"}],"version-history":[{"count":9,"href":"https:\/\/communesactivistes.org\/index.php?rest_route=\/wp\/v2\/pages\/246\/revisions"}],"predecessor-version":[{"id":371,"href":"https:\/\/communesactivistes.org\/index.php?rest_route=\/wp\/v2\/pages\/246\/revisions\/371"}],"wp:attachment":[{"href":"https:\/\/communesactivistes.org\/index.php?rest_route=%2Fwp%2Fv2%2Fmedia&parent=246"}],"curies":[{"name":"wp","href":"https:\/\/api.w.org\/{rel}","templated":true}]}}