{"id":259,"date":"2025-07-02T14:42:39","date_gmt":"2025-07-02T12:42:39","guid":{"rendered":"https:\/\/communesactivistes.org\/?page_id=259"},"modified":"2025-07-27T21:28:24","modified_gmt":"2025-07-27T19:28:24","slug":"nos-outils","status":"publish","type":"page","link":"https:\/\/communesactivistes.org\/?page_id=259","title":{"rendered":"Nos outils"},"content":{"rendered":"\n<div class=\"wp-block-group alignfull has-base-color has-custom-color-1-background-color has-text-color has-background has-link-color wp-elements-a5acea91ec857969bdc6c71c6ed99da5 has-global-padding is-layout-constrained wp-container-core-group-is-layout-669513ed wp-block-group-is-layout-constrained\" style=\"margin-top:0;margin-bottom:0;padding-top:var(--wp--preset--spacing--50);padding-right:var(--wp--preset--spacing--50);padding-bottom:var(--wp--preset--spacing--50);padding-left:var(--wp--preset--spacing--50)\">\n<div class=\"wp-block-columns alignwide is-layout-flex wp-container-core-columns-is-layout-28f84493 wp-block-columns-is-layout-flex\">\n<div class=\"wp-block-column is-layout-flow wp-block-column-is-layout-flow\" style=\"flex-basis:40%\">\n<p class=\"wp-container-content-0733e5d0\"><\/p>\n<\/div>\n\n\n\n<div class=\"wp-block-column is-layout-flow wp-block-column-is-layout-flow\" style=\"flex-basis:60%\">\n<p class=\"has-heading-font-family has-large-font-size\" style=\"line-height:1.2\"><strong>\u00ab\u00a0Permettre \u00e0 chacun\u00b7e de partager des luttes et exp\u00e9riences, de ressentir pleinement sa propre l\u00e9gitimit\u00e9 et consid\u00e9rer l\u2019apport que chaque action ou r\u00e9cit repr\u00e9sente pour d\u2019autres militant\u00b7es.\u00a0\u00bb<\/strong><\/p>\n<\/div>\n<\/div>\n\n\n\n<div style=\"height:var(--wp--preset--spacing--40)\" aria-hidden=\"true\" class=\"wp-block-spacer\"><\/div>\n\n\n\n<figure class=\"wp-block-image alignwide size-full has-custom-border is-style-rounded is-style-rounded--1\"><img loading=\"lazy\" decoding=\"async\" width=\"2560\" height=\"1298\" src=\"https:\/\/communesactivistes.org\/wp-content\/uploads\/2025\/07\/IMG_8869-1-scaled.jpeg\" alt=\"\" class=\"wp-image-328\" style=\"border-radius:0px\" srcset=\"https:\/\/communesactivistes.org\/wp-content\/uploads\/2025\/07\/IMG_8869-1-scaled.jpeg 2560w, https:\/\/communesactivistes.org\/wp-content\/uploads\/2025\/07\/IMG_8869-1-300x152.jpeg 300w, https:\/\/communesactivistes.org\/wp-content\/uploads\/2025\/07\/IMG_8869-1-1024x519.jpeg 1024w, https:\/\/communesactivistes.org\/wp-content\/uploads\/2025\/07\/IMG_8869-1-768x390.jpeg 768w, https:\/\/communesactivistes.org\/wp-content\/uploads\/2025\/07\/IMG_8869-1-1536x779.jpeg 1536w, https:\/\/communesactivistes.org\/wp-content\/uploads\/2025\/07\/IMG_8869-1-2048x1039.jpeg 2048w\" sizes=\"auto, (max-width: 2560px) 100vw, 2560px\" \/><\/figure>\n<\/div>\n\n\n\n<div class=\"wp-block-group alignfull has-base-background-color has-background has-global-padding is-layout-constrained wp-container-core-group-is-layout-d89aad35 wp-block-group-is-layout-constrained\" style=\"margin-top:0;margin-bottom:0;padding-top:var(--wp--preset--spacing--50);padding-right:var(--wp--preset--spacing--50);padding-bottom:var(--wp--preset--spacing--50);padding-left:var(--wp--preset--spacing--50)\">\n<div class=\"wp-block-columns alignwide is-layout-flex wp-container-core-columns-is-layout-549b0c86 wp-block-columns-is-layout-flex\">\n<div class=\"wp-block-column has-global-padding is-content-justification-left is-layout-constrained wp-container-core-column-is-layout-4f15e8fe wp-block-column-is-layout-constrained\" style=\"flex-basis:40%\">\n<p><\/p>\n<\/div>\n\n\n\n<div class=\"wp-block-column is-layout-flow wp-container-core-column-is-layout-119bc444 wp-block-column-is-layout-flow\" style=\"flex-basis:60%\">\n<p class=\"has-heading-font-family has-large-font-size\" style=\"line-height:1.2\">Nos outils ont pour but de permettre la <strong>mise en r\u00e9cit et le partage d\u2019exp\u00e9riences individuelles<\/strong>, selon un cadre d\u2019analyse qui permette une certaine mise \u00e0 distance et r\u00e9flexivit\u00e9&nbsp;:&nbsp;<\/p>\n\n\n\n<div class=\"wp-block-columns is-layout-flex wp-container-core-columns-is-layout-87beb0d0 wp-block-columns-is-layout-flex\">\n<div class=\"wp-block-column is-layout-flow wp-block-column-is-layout-flow\">\n<p class=\"wp-container-content-9cfa9a5a\">La fresque du temps long, le rubick\u2019s cube des opportunit\u00e9s politiques, le chrominos des alliances, les diamants des mobilisations sociales&#8230;<\/p>\n<\/div>\n\n\n\n<div class=\"wp-block-column is-layout-flow wp-block-column-is-layout-flow\">\n<p>C\u2019est une fa\u00e7on de rendre visible la diversit\u00e9 des capacit\u00e9s et \u00ab ressources \u00bb militantes. De favoriser une prise de distance vis-\u00e0-vis de nos actions et consid\u00e9rer diff\u00e9rents angles d\u2019analyses. De r\u00e9fl\u00e9chir sur des modalit\u00e9s d\u2019alliances, sur des fa\u00e7ons d\u2019explorer le monde social pour nourrir nos strat\u00e9gies et nos tactiques.<\/p>\n<\/div>\n<\/div>\n<\/div>\n<\/div>\n<\/div>\n\n\n\n<div class=\"wp-block-group alignfull has-base-2-background-color has-background has-global-padding is-layout-constrained wp-container-core-group-is-layout-7cd14b77 wp-block-group-is-layout-constrained\" style=\"margin-top:0;margin-bottom:0;padding-top:var(--wp--preset--spacing--60);padding-right:var(--wp--preset--spacing--60);padding-bottom:var(--wp--preset--spacing--60);padding-left:var(--wp--preset--spacing--60)\">\n<div class=\"wp-block-group alignwide is-layout-flow wp-block-group-is-layout-flow\">\n<p class=\"has-text-align-center has-base-color has-text-color has-link-color has-heading-font-family has-x-large-font-size wp-elements-d9f89f599a17dda8fe3b8b330f44e5f6\" style=\"font-style:normal;font-weight:400;line-height:1.2\">\u00ab&nbsp;Les outils nous permettent d\u2019explorer des situations actuelles ou \u00e0 venir dans lesquelles sont engag\u00e9es certain\u00b7es participant\u00b7es, dans des formats de travail de type \u00ab&nbsp;laboratoire&nbsp;\u00bb pour les travailler en petit groupe.&nbsp;\u00bb<\/p>\n<\/div>\n<\/div>\n\n\n\n<div class=\"wp-block-group alignfull has-custom-color-3-background-color has-background is-vertical is-content-justification-center is-layout-flex wp-container-core-group-is-layout-66bd2e8f wp-block-group-is-layout-flex\" style=\"min-height:80vh;margin-top:20px;margin-bottom:20px;padding-top:0;padding-right:var(--wp--preset--spacing--50);padding-bottom:0;padding-left:var(--wp--preset--spacing--50)\">\n<div class=\"wp-block-group has-global-padding is-layout-constrained wp-block-group-is-layout-constrained\">\n<figure class=\"wp-block-image aligncenter size-full is-resized\"><img decoding=\"async\" src=\"http:\/\/communesactivistes.org\/wp-content\/themes\/twentytwentyfour\/assets\/images\/icon-message.webp\" alt=\"\" style=\"object-fit:cover;width:45px;height:49px\"\/><\/figure>\n\n\n\n<div style=\"height:var(--wp--preset--spacing--10)\" aria-hidden=\"true\" class=\"wp-block-spacer\"><\/div>\n\n\n\n<h2 class=\"wp-block-heading has-text-align-center has-custom-color-5-color has-text-color has-link-color has-heading-font-family has-x-large-font-size wp-elements-cb4da82418e22598f6111eb293aa6e94\" style=\"margin-right:0;margin-left:0;padding-right:0;padding-left:0\">Recevez les informations sur les prochaines&nbsp;r\u00e9sidences.<\/h2>\n\n\n\n<div style=\"height:var(--wp--preset--spacing--10)\" aria-hidden=\"true\" class=\"wp-block-spacer\"><\/div>\n\n\n\n<div class=\"wp-block-buttons is-content-justification-center is-layout-flex wp-container-core-buttons-is-layout-a89b3969 wp-block-buttons-is-layout-flex\">\n<div class=\"wp-block-button is-style-outline is-style-outline--2\"><a class=\"wp-block-button__link has-base-color has-base-2-background-color has-text-color has-background has-link-color has-border-color has-base-2-border-color wp-element-button\" href=\"mailto:communesactivistes@posteo.net\" target=\"_blank\" rel=\"noreferrer noopener\"><strong>S\u2019inscrire<\/strong><\/a><\/div>\n<\/div>\n<\/div>\n<\/div>\n","protected":false},"excerpt":{"rendered":"<p>\u00ab\u00a0Permettre \u00e0 chacun\u00b7e de partager des luttes et exp\u00e9riences, de ressentir pleinement sa propre l\u00e9gitimit\u00e9 et consid\u00e9rer l\u2019apport que chaque action ou r\u00e9cit repr\u00e9sente pour d\u2019autres militant\u00b7es.\u00a0\u00bb Nos outils ont pour but de permettre la mise en r\u00e9cit et le partage d\u2019exp\u00e9riences individuelles, selon un cadre d\u2019analyse qui permette une certaine mise \u00e0 distance et [&hellip;]<\/p>\n","protected":false},"author":1,"featured_media":0,"parent":0,"menu_order":0,"comment_status":"closed","ping_status":"closed","template":"","meta":{"footnotes":""},"class_list":["post-259","page","type-page","status-publish","hentry"],"_links":{"self":[{"href":"https:\/\/communesactivistes.org\/index.php?rest_route=\/wp\/v2\/pages\/259","targetHints":{"allow":["GET"]}}],"collection":[{"href":"https:\/\/communesactivistes.org\/index.php?rest_route=\/wp\/v2\/pages"}],"about":[{"href":"https:\/\/communesactivistes.org\/index.php?rest_route=\/wp\/v2\/types\/page"}],"author":[{"embeddable":true,"href":"https:\/\/communesactivistes.org\/index.php?rest_route=\/wp\/v2\/users\/1"}],"replies":[{"embeddable":true,"href":"https:\/\/communesactivistes.org\/index.php?rest_route=%2Fwp%2Fv2%2Fcomments&post=259"}],"version-history":[{"count":13,"href":"https:\/\/communesactivistes.org\/index.php?rest_route=\/wp\/v2\/pages\/259\/revisions"}],"predecessor-version":[{"id":372,"href":"https:\/\/communesactivistes.org\/index.php?rest_route=\/wp\/v2\/pages\/259\/revisions\/372"}],"wp:attachment":[{"href":"https:\/\/communesactivistes.org\/index.php?rest_route=%2Fwp%2Fv2%2Fmedia&parent=259"}],"curies":[{"name":"wp","href":"https:\/\/api.w.org\/{rel}","templated":true}]}}