{"id":30,"date":"2025-06-18T12:24:03","date_gmt":"2025-06-18T10:24:03","guid":{"rendered":"http:\/\/communesactivistes.org\/?page_id=30"},"modified":"2026-01-29T17:19:57","modified_gmt":"2026-01-29T16:19:57","slug":"inscrivez-vous","status":"publish","type":"page","link":"https:\/\/communesactivistes.org\/?page_id=30","title":{"rendered":"Je m&rsquo;inscris"},"content":{"rendered":"\n<div class=\"wp-block-group alignfull has-custom-color-3-background-color has-background is-vertical is-content-justification-center is-nowrap is-layout-flex wp-container-core-group-is-layout-2215816d wp-block-group-is-layout-flex\" style=\"min-height:100vh;margin-top:0;margin-bottom:0;padding-top:var(--wp--preset--spacing--50);padding-right:var(--wp--preset--spacing--50);padding-bottom:var(--wp--preset--spacing--50);padding-left:var(--wp--preset--spacing--50)\">\n<div class=\"wp-block-columns alignwide are-vertically-aligned-center is-layout-flex wp-container-core-columns-is-layout-47c06fe3 wp-block-columns-is-layout-flex\">\n<div class=\"wp-block-column is-vertically-aligned-center is-layout-flow wp-block-column-is-layout-flow\" style=\"flex-basis:40%\">\n<div class=\"wp-block-group is-layout-flow wp-container-core-group-is-layout-8f7ed23f wp-block-group-is-layout-flow\" style=\"min-height:100%;margin-top:0;margin-bottom:0;padding-right:0;padding-left:0\">\n<h1 class=\"wp-block-heading has-text-align-right\" style=\"margin-right:0;margin-left:calc( var(--wp--preset--spacing--20) * -1);font-size:clamp(5.174rem, 5.174rem + ((1vw - 0.2rem) * 11.377), 12rem);line-height:1;writing-mode:vertical-rl\">#<\/h1>\n\n\n\n<div class=\"wp-block-group has-global-padding is-content-justification-left is-layout-constrained wp-container-core-group-is-layout-0207514c wp-block-group-is-layout-constrained\" style=\"padding-right:0;padding-left:0\">\n<p class=\"wp-container-content-0733e5d0\">\u00ab\u00a0Il s&rsquo;agit de faire un pas de c\u00f4t\u00e9, par rapport \u00e0 l&rsquo;action et au rythme dans lesquels nous sommes engag\u00e9\u00b7es au quotidien. Mettre un instant sur pause le temps pr\u00e9sent : consid\u00e9rer des luttes pass\u00e9es et appr\u00e9hender le temps long des changements sociaux.\u00a0\u00bb<br><br><strong>Prochaines \u00e9ditions<\/strong>. <br>Nos prochaines r\u00e9sidences auront lieu en 2026 \u00e0 la Maison des Utopies en Exp\u00e9rimentations (MUE) \u00e0 Cluny. <br>Nous accueillerons 15 personnes par \u00e9dition. <br><br><strong>Faites-nous parvenir votre demande de participation.<\/strong><\/p>\n\n\n\n<div class=\"wp-block-buttons is-layout-flex wp-block-buttons-is-layout-flex\">\n<div class=\"wp-block-button\"><a class=\"wp-block-button__link wp-element-button\" href=\"https:\/\/framaforms.org\/communes-activistes-inscription-residences-2026-1761314120\" target=\"_blank\" rel=\"noreferrer noopener\">Je m&rsquo;inscris<\/a><\/div>\n<\/div>\n<\/div>\n<\/div>\n<\/div>\n\n\n\n<div class=\"wp-block-column is-vertically-aligned-top is-layout-flow wp-block-column-is-layout-flow\" style=\"flex-basis:60%\">\n<figure class=\"wp-block-image size-large is-style-default\"><img loading=\"lazy\" decoding=\"async\" width=\"782\" height=\"1024\" src=\"http:\/\/communesactivistes.org\/wp-content\/uploads\/2025\/06\/IMG_8767-782x1024.jpeg\" alt=\"Deux personnes sont assises au sol et travaillent sur des fiches pos\u00e9es au sol.\" class=\"wp-image-41\" style=\"aspect-ratio:3\/4;object-fit:cover\" srcset=\"https:\/\/communesactivistes.org\/wp-content\/uploads\/2025\/06\/IMG_8767-782x1024.jpeg 782w, https:\/\/communesactivistes.org\/wp-content\/uploads\/2025\/06\/IMG_8767-229x300.jpeg 229w, https:\/\/communesactivistes.org\/wp-content\/uploads\/2025\/06\/IMG_8767-768x1006.jpeg 768w, https:\/\/communesactivistes.org\/wp-content\/uploads\/2025\/06\/IMG_8767-1173x1536.jpeg 1173w, https:\/\/communesactivistes.org\/wp-content\/uploads\/2025\/06\/IMG_8767-1564x2048.jpeg 1564w, https:\/\/communesactivistes.org\/wp-content\/uploads\/2025\/06\/IMG_8767-scaled.jpeg 1955w\" sizes=\"auto, (max-width: 782px) 100vw, 782px\" \/><\/figure>\n<\/div>\n<\/div>\n\n\n\n<p><\/p>\n<\/div>\n\n\n\n<p><\/p>\n","protected":false},"excerpt":{"rendered":"<p># \u00ab\u00a0Il s&rsquo;agit de faire un pas de c\u00f4t\u00e9, par rapport \u00e0 l&rsquo;action et au rythme dans lesquels nous sommes engag\u00e9\u00b7es au quotidien. Mettre un instant sur pause le temps pr\u00e9sent : consid\u00e9rer des luttes pass\u00e9es et appr\u00e9hender le temps long des changements sociaux.\u00a0\u00bb Prochaines \u00e9ditions. Nos prochaines r\u00e9sidences auront lieu en 2026 \u00e0 la [&hellip;]<\/p>\n","protected":false},"author":1,"featured_media":0,"parent":0,"menu_order":0,"comment_status":"closed","ping_status":"closed","template":"","meta":{"footnotes":""},"class_list":["post-30","page","type-page","status-publish","hentry"],"_links":{"self":[{"href":"https:\/\/communesactivistes.org\/index.php?rest_route=\/wp\/v2\/pages\/30","targetHints":{"allow":["GET"]}}],"collection":[{"href":"https:\/\/communesactivistes.org\/index.php?rest_route=\/wp\/v2\/pages"}],"about":[{"href":"https:\/\/communesactivistes.org\/index.php?rest_route=\/wp\/v2\/types\/page"}],"author":[{"embeddable":true,"href":"https:\/\/communesactivistes.org\/index.php?rest_route=\/wp\/v2\/users\/1"}],"replies":[{"embeddable":true,"href":"https:\/\/communesactivistes.org\/index.php?rest_route=%2Fwp%2Fv2%2Fcomments&post=30"}],"version-history":[{"count":27,"href":"https:\/\/communesactivistes.org\/index.php?rest_route=\/wp\/v2\/pages\/30\/revisions"}],"predecessor-version":[{"id":409,"href":"https:\/\/communesactivistes.org\/index.php?rest_route=\/wp\/v2\/pages\/30\/revisions\/409"}],"wp:attachment":[{"href":"https:\/\/communesactivistes.org\/index.php?rest_route=%2Fwp%2Fv2%2Fmedia&parent=30"}],"curies":[{"name":"wp","href":"https:\/\/api.w.org\/{rel}","templated":true}]}}