{"id":412,"date":"2026-03-02T11:03:17","date_gmt":"2026-03-02T10:03:17","guid":{"rendered":"https:\/\/communesactivistes.org\/?page_id=412"},"modified":"2026-03-21T08:25:40","modified_gmt":"2026-03-21T07:25:40","slug":"podcasts","status":"publish","type":"page","link":"https:\/\/communesactivistes.org\/?page_id=412","title":{"rendered":"Ressources"},"content":{"rendered":"\n<div class=\"wp-block-group alignfull has-custom-color-3-background-color has-background has-global-padding is-layout-constrained wp-container-core-group-is-layout-301020a0 wp-block-group-is-layout-constrained\" style=\"padding-top:var(--wp--preset--spacing--50);padding-right:var(--wp--preset--spacing--50);padding-bottom:var(--wp--preset--spacing--50);padding-left:var(--wp--preset--spacing--50)\">\n<div class=\"wp-block-columns alignwide is-layout-flex wp-container-core-columns-is-layout-08c01c1c wp-block-columns-is-layout-flex\">\n<div class=\"wp-block-column is-layout-flow wp-block-column-is-layout-flow\" style=\"flex-basis:33%\">\n<p class=\"has-custom-color-5-color has-text-color has-link-color has-heading-font-family has-large-font-size wp-elements-11457d1ea576aaf153b4ee141f912aff\" style=\"line-height:1.2\">Des podcasts, de styles vari\u00e9s, qui nous racontent des mobilisations sociales, nous aident \u00e0 comprendre leur \u00e9mergence, leurs \u00e9volutions, les obstacles ou la r\u00e9pression qu\u2019elles ont rencontr\u00e9s, les strat\u00e9gies ou les th\u00e9ories qu\u2019elles ont mobilis\u00e9es.<br><\/p>\n\n\n\n<div style=\"height:30px\" aria-hidden=\"true\" class=\"wp-block-spacer\"><\/div>\n\n\n\n<figure class=\"wp-block-gallery has-nested-images columns-default is-cropped wp-block-gallery-1 is-layout-flex wp-block-gallery-is-layout-flex\">\n<figure class=\"wp-block-image size-large\"><img loading=\"lazy\" decoding=\"async\" width=\"1024\" height=\"594\" data-id=\"417\" src=\"https:\/\/communesactivistes.org\/wp-content\/uploads\/2026\/03\/Demo26-1024x594.jpg\" alt=\"\" class=\"wp-image-417\"\/><\/figure>\n<\/figure>\n<\/div>\n\n\n\n<div class=\"wp-block-column is-layout-flow wp-container-core-column-is-layout-119bc444 wp-block-column-is-layout-flow\">\n<div class=\"wp-block-group is-nowrap is-layout-flex wp-container-core-group-is-layout-877c468d wp-block-group-is-layout-flex\">\n<div class=\"wp-block-group is-vertical is-content-justification-left is-nowrap is-layout-flex wp-container-core-group-is-layout-970da055 wp-block-group-is-layout-flex\">\n<p class=\"has-custom-color-5-color has-text-color has-link-color wp-elements-242406d8f736858887fa6bbff673143a\" style=\"font-style:normal;font-weight:500\"><strong>1 \u2022 Histoire du Br\u00e9sil en qu\u00eate de libert\u00e9. <\/strong>\u00c9pisode 2\/4 : <a href=\"https:\/\/www.radiofrance.fr\/franceculture\/podcasts\/le-cours-de-l-histoire\/bresil-enchaine-les-revoltes-d-esclaves-face-a-l-ordre-colonial-3053863\" data-type=\"link\" data-id=\"https:\/\/www.radiofrance.fr\/franceculture\/podcasts\/le-cours-de-l-histoire\/bresil-enchaine-les-revoltes-d-esclaves-face-a-l-ordre-colonial-3053863\" target=\"_blank\" rel=\"noreferrer noopener\">Br\u00e9sil encha\u00een\u00e9, les r\u00e9voltes d&rsquo;esclaves face \u00e0 l&rsquo;ordre colonial<\/a> (France Culture, Le Cours de l\u2019histoire) &#8211; (59 minutes)<br><br><strong>2 \u2022 Une histoire de l\u2019esclavage. <\/strong>\u00c9pisode 4\/4&nbsp;: <a href=\"https:\/\/www.radiofrance.fr\/franceculture\/podcasts\/la-fabrique-de-l-histoire\/resistances-revoltes-et-marronnage-7874603\" data-type=\"link\" data-id=\"https:\/\/www.radiofrance.fr\/franceculture\/podcasts\/la-fabrique-de-l-histoire\/resistances-revoltes-et-marronnage-7874603\" target=\"_blank\" rel=\"noreferrer noopener\">R\u00e9sistances, r\u00e9voltes et marronnage<\/a> (France Culture, La Fabrique de l\u2019Histoire) &#8211; (51 minutes)<br><br><strong>3 \u2022 <a href=\"https:\/\/spectremedia.org\/des-colonisations\/?playing=1765\" data-type=\"link\" data-id=\"https:\/\/spectremedia.org\/des-colonisations\/?playing=1765\" target=\"_blank\" rel=\"noreferrer noopener\">Contester les statues #1 : Jos\u00e9phine cou-coup\u00e9<\/a><\/strong> (Des Colonisations) &#8211; (60 minutes)<br><br><strong>4 \u2022 <\/strong><a href=\"https:\/\/open.spotify.com\/episode\/2b4OPADXn2StaNCXZs9k5P\" data-type=\"link\" data-id=\"https:\/\/open.spotify.com\/episode\/2b4OPADXn2StaNCXZs9k5P\" target=\"_blank\" rel=\"noreferrer noopener\"><strong>L\u2019autre 8 mai 1945 \u2013 Le massacre de Guelma<\/strong><\/a> (Histoires Cr\u00e9pues) &#8211; (18 minutes)<br><br><strong>5 \u2022 <a href=\"https:\/\/open.spotify.com\/episode\/0DB0UAGEA7ZqOKNowIs1OZ?si=db205f36a82c444b\" data-type=\"link\" data-id=\"https:\/\/open.spotify.com\/episode\/0DB0UAGEA7ZqOKNowIs1OZ?si=db205f36a82c444b\" target=\"_blank\" rel=\"noreferrer noopener\">Mai 67 en Guadeloupe : le massacre que la France veut oublier<\/a> <\/strong>(Histoires Cr\u00e9pues) &#8211; (30 minutes)<\/p>\n\n\n\n<p class=\"has-custom-color-5-color has-text-color has-link-color wp-elements-b0c88b6ec147bb2c5e7b7827f5aae871\" style=\"font-style:normal;font-weight:500\"><strong>6 \u2022<\/strong> <strong>D\u00e9sob\u00e9issance civile : citoyen\u00b7nes hors la loi<\/strong>. <a href=\"https:\/\/www.radiofrance.fr\/franceculture\/podcasts\/lsd-la-serie-documentaire\/bloqueuses-et-saboteurs-6959105\" data-type=\"link\" data-id=\"https:\/\/www.radiofrance.fr\/franceculture\/podcasts\/lsd-la-serie-documentaire\/bloqueuses-et-saboteurs-6959105\" target=\"_blank\" rel=\"noreferrer noopener\">\u00c9pisode 1\/4 : Bloqueuses et saboteurs<\/a> (La s\u00e9rie documentaire, LSD) &#8211; (59 minutes)<\/p>\n\n\n\n<p class=\"has-custom-color-5-color has-text-color has-link-color wp-elements-044a0903e70129b5b9d85d6e7e6c5768\" style=\"font-style:normal;font-weight:500\"><strong>7 \u2022 D\u00e9sob\u00e9issance civile : citoyen\u00b7nes hors la loi<\/strong>. <a href=\"https:\/\/www.radiofrance.fr\/franceculture\/podcasts\/lsd-la-serie-documentaire\/la-pensee-desobeissante-9907783\" data-type=\"link\" data-id=\"https:\/\/www.radiofrance.fr\/franceculture\/podcasts\/lsd-la-serie-documentaire\/la-pensee-desobeissante-9907783\" target=\"_blank\" rel=\"noreferrer noopener\">\u00c9pisode 2\/4 : La pens\u00e9e d\u00e9sob\u00e9issante<\/a> (La s\u00e9rie documentaire, LSD) &#8211; (59 minutes)<\/p>\n\n\n\n<p class=\"has-custom-color-5-color has-text-color has-link-color wp-elements-5e520be030a1918153303650473aca4b\" style=\"font-style:normal;font-weight:500\"><strong>8 \u2022 D\u00e9sob\u00e9issance civile : citoyen\u00b7nes hors la loi<\/strong>. <a href=\"https:\/\/www.radiofrance.fr\/franceculture\/podcasts\/lsd-la-serie-documentaire\/femmes-en-dissidence-4923467\" data-type=\"link\" data-id=\"https:\/\/www.radiofrance.fr\/franceculture\/podcasts\/lsd-la-serie-documentaire\/femmes-en-dissidence-4923467\" target=\"_blank\" rel=\"noreferrer noopener\">\u00c9pisode 3\/4 : Femmes en dissidence<\/a> (La s\u00e9rie documentaire, LSD) &#8211; (60 minutes)<\/p>\n\n\n\n<p class=\"has-custom-color-5-color has-text-color has-link-color wp-elements-f281abe5ad37cab4c4f8c73bc791a9bf\" style=\"font-style:normal;font-weight:500\"><strong>9 \u2022 D\u00e9sob\u00e9issance civile : citoyen\u00b7nes hors la loi.<\/strong> <a href=\"https:\/\/www.radiofrance.fr\/franceculture\/podcasts\/lsd-la-serie-documentaire\/la-mise-en-proces-1332119\" data-type=\"link\" data-id=\"https:\/\/www.radiofrance.fr\/franceculture\/podcasts\/lsd-la-serie-documentaire\/la-mise-en-proces-1332119\" target=\"_blank\" rel=\"noreferrer noopener\">\u00c9pisode 4\/4 : La mise en proc\u00e8s<\/a> (La s\u00e9rie documentaire, LSD) &#8211; (60 minutes)<\/p>\n\n\n\n<p class=\"has-custom-color-5-color has-text-color has-link-color wp-elements-ac74ec9b2216324269167e61e7639942\" style=\"font-style:normal;font-weight:500\"><strong>10 \u2022 La manif est \u00e0 nous.<\/strong> <a href=\"https:\/\/www.radiofrance.fr\/franceculture\/podcasts\/lsd-la-serie-documentaire\/la-manif-pour-tous-3525387\" data-type=\"link\" data-id=\"https:\/\/www.radiofrance.fr\/franceculture\/podcasts\/lsd-la-serie-documentaire\/la-manif-pour-tous-3525387\" target=\"_blank\" rel=\"noreferrer noopener\">\u00c9pisode 3\/4 : La Manif Pour Tous, la rue est \u00e0 nous <\/a>(La s\u00e9rie documentaire, LSD) &#8211; (58 minutes)<\/p>\n\n\n\n<p class=\"has-custom-color-5-color has-text-color has-link-color wp-elements-55f105c50484e59320ae427b14eab18f\" style=\"font-style:normal;font-weight:500\"><strong>11 \u2022 <a href=\"https:\/\/www.radiofrance.fr\/franceinter\/podcasts\/affaires-sensibles\/affaires-sensibles-du-mardi-10-juin-2025-2732141\" data-type=\"link\" data-id=\"https:\/\/www.radiofrance.fr\/franceinter\/podcasts\/affaires-sensibles\/affaires-sensibles-du-mardi-10-juin-2025-2732141\" target=\"_blank\" rel=\"noreferrer noopener\">La Brav\u2019M ou le nouveau maintien de l\u2019ordre \u201c\u00e0 la fran\u00e7aise\u201d<\/a><\/strong>. (Affaires sensibles, France Inter) &#8211; (58 minutes)<\/p>\n\n\n\n<p class=\"has-custom-color-5-color has-text-color has-link-color wp-elements-9b4bdfbdb8d4bf42d37ce233653ac55e\" style=\"font-style:normal;font-weight:500\"><strong>12 \u2022 <a href=\"https:\/\/www.radiofrance.fr\/franceinter\/podcasts\/le-fil-de-l-histoire\" data-type=\"link\" data-id=\"https:\/\/www.radiofrance.fr\/franceinter\/podcasts\/le-fil-de-l-histoire\" target=\"_blank\" rel=\"noreferrer noopener\">En 1789, les \u00e9tats g\u00e9n\u00e9raux ont-ils d\u00e9clench\u00e9 la R\u00e9volution fran\u00e7aise ?<\/a><\/strong> (Le fil de l\u2019histoire)<\/p>\n\n\n\n<p class=\"has-custom-color-5-color has-text-color has-link-color wp-elements-a393a9a01e76be861ac3081fc1ccebc9\" style=\"font-style:normal;font-weight:500\"><strong>13 \u2022 <a href=\"https:\/\/www.arteradio.com\/son\/comment-sauver-sa-foret-en-se-deguisant\" data-type=\"link\" data-id=\"https:\/\/www.arteradio.com\/son\/comment-sauver-sa-foret-en-se-deguisant\" target=\"_blank\" rel=\"noreferrer noopener\">Comment sauver sa for\u00eat en se d\u00e9guisant<\/a><\/strong> (Et parfois, on gagne) &#8211; (29 minutes)<\/p>\n\n\n\n<p class=\"has-custom-color-5-color has-text-color has-link-color wp-elements-c5c882eb549efcc7fef7d55826b09ffc\" style=\"font-style:normal;font-weight:500\"><strong>14 \u2022 F\u00e9minisme, l&rsquo;avant-garde espagnole<\/strong>. <a href=\"https:\/\/www.radiofrance.fr\/franceculture\/podcasts\/lsd-la-serie-documentaire\/yo-te-creo-je-te-crois-4227443\" data-type=\"link\" data-id=\"https:\/\/www.radiofrance.fr\/franceculture\/podcasts\/lsd-la-serie-documentaire\/yo-te-creo-je-te-crois-4227443\" target=\"_blank\" rel=\"noreferrer noopener\">\u00c9pisode 1\/4 : Yo te creo, je te crois<\/a> (La s\u00e9rie documentaire, LSD) &#8211; (58 minutes)<\/p>\n\n\n\n<p class=\"has-custom-color-5-color has-text-color has-link-color wp-elements-de87ed5c92e29f906dd8d97fd876fb38\" style=\"font-style:normal;font-weight:500\"><strong>15 \u2022<\/strong> <strong>F\u00e9minisme, l&rsquo;avant-garde espagnole.<\/strong> <a href=\"https:\/\/www.radiofrance.fr\/franceculture\/podcasts\/lsd-la-serie-documentaire\/sortir-du-franquisme-9698843\" data-type=\"link\" data-id=\"https:\/\/www.radiofrance.fr\/franceculture\/podcasts\/lsd-la-serie-documentaire\/sortir-du-franquisme-9698843\" target=\"_blank\" rel=\"noreferrer noopener\">\u00c9pisode 2\/4 : Sortir du franquisme<\/a> (La s\u00e9rie documentaire, LSD) &#8211; (58 minutes)<\/p>\n\n\n\n<p class=\"has-custom-color-5-color has-text-color has-link-color wp-elements-329f006c615afa5a89548e843d22f31f\" style=\"font-style:normal;font-weight:500\"><strong>16 \u2022 F\u00e9minisme, l&rsquo;avant-garde espagnole<\/strong>. <a href=\"https:\/\/www.radiofrance.fr\/franceculture\/podcasts\/lsd-la-serie-documentaire\/le-laboratoire-9419733\" data-type=\"link\" data-id=\"https:\/\/www.radiofrance.fr\/franceculture\/podcasts\/lsd-la-serie-documentaire\/le-laboratoire-9419733\" target=\"_blank\" rel=\"noreferrer noopener\">\u00c9pisode 3\/4 : Le laboratoire<\/a> (La s\u00e9rie documentaire, LSD) &#8211; (58 minutes)<\/p>\n\n\n\n<p class=\"has-custom-color-5-color has-text-color has-link-color wp-elements-7a89e55aab110404eadcaa810c2a504f\" style=\"font-style:normal;font-weight:500\"><strong>17 \u2022 F\u00e9minisme, l&rsquo;avant-garde espagnole.<\/strong> <a href=\"https:\/\/www.radiofrance.fr\/franceculture\/podcasts\/lsd-la-serie-documentaire\/reparer-le-passer-6990621\" data-type=\"link\" data-id=\"https:\/\/www.radiofrance.fr\/franceculture\/podcasts\/lsd-la-serie-documentaire\/reparer-le-passer-6990621\" target=\"_blank\" rel=\"noreferrer noopener\">\u00c9pisode 4\/4 : R\u00e9parer le pass\u00e9<\/a> (La s\u00e9rie documentaire, LSD) &#8211; (58 minutes)<\/p>\n\n\n\n<p class=\"has-custom-color-5-color has-text-color has-link-color wp-elements-796078f5c45c6bfc7025dc92d50c797a\" style=\"font-style:normal;font-weight:500\"><strong>18 \u2022 <a href=\"https:\/\/www.radiofrance.fr\/franceinter\/podcasts\/affaires-sensibles\/affaires-sensibles-du-lundi-06-janvier-2025-1422370\" data-type=\"link\" data-id=\"https:\/\/www.radiofrance.fr\/franceinter\/podcasts\/affaires-sensibles\/affaires-sensibles-du-lundi-06-janvier-2025-1422370\" target=\"_blank\" rel=\"noreferrer noopener\">1944, le droit de vote des Fran\u00e7aises<\/a><\/strong> (Affaires sensibles, France Inter) &#8211; (48 minutes)<\/p>\n\n\n\n<p class=\"has-custom-color-5-color has-text-color has-link-color wp-elements-330496732cb9ec5baf77b26a1b76c154\" style=\"font-style:normal;font-weight:500\"><strong>19 \u2022 <a href=\"https:\/\/podcasts.apple.com\/fr\/podcast\/on-ne-na%C3%AEt-pas-f%C3%A9ministe\/id1653852105?i=1000600609245\" data-type=\"link\" data-id=\"https:\/\/podcasts.apple.com\/fr\/podcast\/on-ne-na%C3%AEt-pas-f%C3%A9ministe\/id1653852105?i=1000600609245\" target=\"_blank\" rel=\"noreferrer noopener\">On ne na\u00eet pas f\u00e9ministe<\/a><\/strong> (Faire genre) &#8211; (43 minutes)<\/p>\n\n\n\n<p class=\"has-custom-color-5-color has-text-color has-link-color wp-elements-5391c028f60fbd100aeb03b4786ef317\" style=\"font-style:normal;font-weight:500\"><strong>20 \u2022 <a href=\"https:\/\/radioparleur.net\/2022\/02\/07\/podcast-organisez-vous-coulisse-de-la-lutte\/\" target=\"_blank\" rel=\"noreferrer noopener\">Touche pas \u00e0 ma maternit\u00e9<\/a><\/strong> (Les coulisses de la lutte) &#8211; (36 minutes)<\/p>\n\n\n\n<p class=\"has-custom-color-5-color has-text-color has-link-color wp-elements-81c9878285cb5c76f1ffd3de7499e446\" style=\"font-style:normal;font-weight:500\"><strong>21 \u2022 <a href=\"https:\/\/radioparleur.net\/2022\/02\/07\/podcast-organisez-vous-coulisse-de-la-lutte\/\" data-type=\"link\" data-id=\"https:\/\/organisez-vous.org\/les-coulisses-de-la-lutte-saison-1-episode-2-dignite-pour-les-delogees\/\" target=\"_blank\" rel=\"noreferrer noopener\">Dignit\u00e9 pour les d\u00e9log\u00e9\u00b7es<\/a><\/strong> (Les coulisses de la lutte) &#8211; (46 minutes)<\/p>\n\n\n\n<p class=\"has-custom-color-5-color has-text-color has-link-color wp-elements-13b71a4e67e000480556505a14c59c3f\" style=\"font-style:normal;font-weight:500\"><strong>22 \u2022 <a href=\"https:\/\/radioparleur.net\/2022\/02\/07\/podcast-organisez-vous-coulisse-de-la-lutte\/\" data-type=\"link\" data-id=\"https:\/\/organisez-vous.org\/les-coulisses-de-la-lutte-saison-1-episode-1-sous-traitance-maltraitance\/\" target=\"_blank\" rel=\"noreferrer noopener\">Gr\u00e8ves, casseroles et sous-traitance<\/a> <\/strong>(Les coulisses de la lutte) &#8211; (33 minutes)<\/p>\n\n\n\n<p class=\"has-custom-color-5-color has-text-color has-link-color wp-elements-2dbcc7d6d60a387bcf50ee97ccdc4553\" style=\"font-style:normal;font-weight:500\"><strong>23 \u2022 Une histoire du Mouvement des travailleurs arabes. <\/strong><a href=\"https:\/\/www.radiofrance.fr\/franceculture\/podcasts\/lsd-la-serie-documentaire\/exister-politiquement-1363272\" data-type=\"link\" data-id=\"https:\/\/www.radiofrance.fr\/franceculture\/podcasts\/lsd-la-serie-documentaire\/exister-politiquement-1363272\" target=\"_blank\" rel=\"noreferrer noopener\">\u00c9pisode 4\/4 : Exister politiquement<\/a> (La s\u00e9rie documentaire, LSD) &#8211; (58 minutes)<\/p>\n\n\n\n<p class=\"has-custom-color-5-color has-text-color has-link-color wp-elements-d1becc132f13d4c7b4cad7f02c23a7a7\" style=\"font-style:normal;font-weight:500\"><strong>24 \u2022 Du pain et des roses, itin\u00e9raire d\u2019un slogan<\/strong>. <a href=\"https:\/\/www.radiofrance.fr\/franceculture\/podcasts\/une-histoire-particuliere\/un-poeme-pour-la-greve-9498098\" data-type=\"link\" data-id=\"https:\/\/www.radiofrance.fr\/franceculture\/podcasts\/une-histoire-particuliere\/un-poeme-pour-la-greve-9498098\" target=\"_blank\" rel=\"noreferrer noopener\">Un po\u00e8me pour la gr\u00e8ve<\/a> + <a href=\"https:\/\/www.radiofrance.fr\/franceculture\/podcasts\/une-histoire-particuliere\/une-chanson-pour-la-revolution-1168699\" data-type=\"link\" data-id=\"https:\/\/www.radiofrance.fr\/franceculture\/podcasts\/une-histoire-particuliere\/une-chanson-pour-la-revolution-1168699\" target=\"_blank\" rel=\"noreferrer noopener\">Une chanson pour la r\u00e9volution<\/a> (France culture) &#8211; (28 + 28 minutes)<\/p>\n\n\n\n<p class=\"has-custom-color-5-color has-text-color has-link-color wp-elements-a2bc8e05fb4f4fcbb1c26ce36130ec10\" style=\"font-style:normal;font-weight:500\"><strong>25 \u2022 L&rsquo;affaire Lip. <\/strong><a href=\"https:\/\/www.radiofrance.fr\/franceculture\/podcasts\/une-histoire-particuliere-un-recit-documentaire-en-deux-parties\/un-hold-up-non-une-usine-occupee-7245919\" data-type=\"link\" data-id=\"https:\/\/www.radiofrance.fr\/franceculture\/podcasts\/une-histoire-particuliere-un-recit-documentaire-en-deux-parties\/un-hold-up-non-une-usine-occupee-7245919\" target=\"_blank\" rel=\"noreferrer noopener\">Un hold up, non une usine occup\u00e9e<\/a> + <a href=\"https:\/\/www.radiofrance.fr\/franceculture\/podcasts\/une-histoire-particuliere-un-recit-documentaire-en-deux-parties\/l-insubordination-au-feminin-1742816\" data-type=\"link\" data-id=\"https:\/\/www.radiofrance.fr\/franceculture\/podcasts\/une-histoire-particuliere-un-recit-documentaire-en-deux-parties\/l-insubordination-au-feminin-1742816\" target=\"_blank\" rel=\"noreferrer noopener\">L\u2019insubordination au f\u00e9minin<\/a> (France culture) &#8211; (28 + 28 minutes)<\/p>\n\n\n\n<p class=\"has-custom-color-5-color has-text-color has-link-color wp-elements-0fdcccbde9e5b235b95146f8439598c1\" style=\"font-style:normal;font-weight:500\"><strong>26 \u2022 <a href=\"https:\/\/www.radiofrance.fr\/franceinter\/podcasts\/affaires-sensibles\/lip-c-est-possible-on-fabrique-on-vend-on-se-paie-5547785?nis=8\" data-type=\"link\" data-id=\"https:\/\/www.radiofrance.fr\/franceinter\/podcasts\/affaires-sensibles\/lip-c-est-possible-on-fabrique-on-vend-on-se-paie-5547785?nis=8\" target=\"_blank\" rel=\"noreferrer noopener\">LIP : \u00ab C\u2019est possible, on fabrique, on vend, on se paie \u00bb<\/a><\/strong> (Affaires sensibles) &#8211; (54 minutes)<\/p>\n\n\n\n<p class=\"has-custom-color-5-color has-text-color has-link-color wp-elements-66d42e65f09d5ec4e745c919f06efdfe\" style=\"font-style:normal;font-weight:500\"><strong>27 \u2022 <a href=\"https:\/\/www.radiofrance.fr\/franceinter\/podcasts\/affaires-sensibles\/affaires-sensibles-du-jeudi-22-decembre-2022-7998872\" data-type=\"link\" data-id=\"https:\/\/www.radiofrance.fr\/franceinter\/podcasts\/affaires-sensibles\/affaires-sensibles-du-jeudi-22-decembre-2022-7998872\" target=\"_blank\" rel=\"noreferrer noopener\">Ils ont pendu et br\u00fbl\u00e9 vif le p\u00e8re No\u00ebl !<\/a> <\/strong>(Affaires sensibles) &#8211; (53 minutes)<\/p>\n\n\n\n<p class=\"has-custom-color-5-color has-text-color has-link-color wp-elements-ffec8d3c94389eb8a34a7e84cabe37a6\" style=\"font-style:normal;font-weight:500\"><strong>28 \u2022 <a href=\"https:\/\/www.radiofrance.fr\/franceinter\/podcasts\/affaires-sensibles\/plogoff-atome-sur-mer-9821034\" data-type=\"link\" data-id=\"https:\/\/www.radiofrance.fr\/franceinter\/podcasts\/affaires-sensibles\/plogoff-atome-sur-mer-9821034\" target=\"_blank\" rel=\"noreferrer noopener\">Plogoff, atome sur mer<\/a> <\/strong>(Affaires sensibles) &#8211; (55 minutes)<\/p>\n\n\n\n<p class=\"has-custom-color-5-color has-text-color has-link-color wp-elements-9960d5fcb3497cb67661c1914d7e9ed5\" style=\"font-style:normal;font-weight:500\"><strong>29 \u2022 <a href=\"https:\/\/www.arteradio.com\/son\/61681527\/paysannes_en_lutte_2_2\" data-type=\"link\" data-id=\"https:\/\/www.arteradio.com\/son\/61681527\/paysannes_en_lutte_2_2\" target=\"_blank\" rel=\"noreferrer noopener\">Paysannes en lutte 2\/2<\/a> <\/strong>(Arte radio) &#8211; (54 minutes)<\/p>\n\n\n\n<p class=\"has-custom-color-5-color has-text-color has-link-color wp-elements-6d93e05f1c3ffc799dd312a034060b94\" style=\"font-style:normal;font-weight:500\"><strong>30 \u2022 <a href=\"https:\/\/open.spotify.com\/episode\/4Vczb7BpA3KdN3pqLDjaFF\" data-type=\"link\" data-id=\"https:\/\/open.spotify.com\/episode\/4Vczb7BpA3KdN3pqLDjaFF\" target=\"_blank\" rel=\"noreferrer noopener\">L\u2019histoire de Frantz Fanon<\/a> <\/strong>(Histoires Cr\u00e9pues) &#8211; (40 minutes)<\/p>\n\n\n\n<p class=\"has-custom-color-5-color has-text-color has-link-color wp-elements-cac399be8cde1cccd92349cbc948ee1b\" style=\"font-style:normal;font-weight:500\"><strong>31 \u2022 <a href=\"https:\/\/www.binge.audio\/podcast\/les-couilles-sur-la-table\/guide-de-survie-aux-fetes-de-famille-2\" data-type=\"link\" data-id=\"https:\/\/www.binge.audio\/podcast\/les-couilles-sur-la-table\/guide-de-survie-aux-fetes-de-famille-2\" target=\"_blank\" rel=\"noreferrer noopener\">Guide de survie aux f\u00eates de familles <\/a><\/strong>(Les couilles sur la table) &#8211; (46 minutes)<\/p>\n\n\n\n<p class=\"has-custom-color-5-color has-text-color has-link-color wp-elements-a16212112e705a5d6ccb1bbf09c89476\" style=\"font-style:normal;font-weight:500\"><strong>32 \u2022 <a href=\"https:\/\/www.binge.audio\/podcast\/kiffetarace\/laicite-et-republique-une-histoire-a-relire\" data-type=\"link\" data-id=\"https:\/\/www.binge.audio\/podcast\/kiffetarace\/laicite-et-republique-une-histoire-a-relire\" target=\"_blank\" rel=\"noreferrer noopener\">La\u00efcit\u00e9 et R\u00e9publique, une histoire \u00e0 relire<\/a> <\/strong>(Kiffe ta race) &#8211; (57 minutes)<\/p>\n\n\n\n<p class=\"has-custom-color-5-color has-text-color has-link-color wp-elements-d03cdf41f858d02a8450313a426bddba\" style=\"font-style:normal;font-weight:500\"><strong>33 \u2022 <a href=\"https:\/\/podcast.ausha.co\/sciencespo-presage-genre-etc\/une-ethique-de-l-experience-minoritaire-avec-bruno-perreau\" data-type=\"link\" data-id=\"https:\/\/podcast.ausha.co\/sciencespo-presage-genre-etc\/une-ethique-de-l-experience-minoritaire-avec-bruno-perreau\" target=\"_blank\" rel=\"noreferrer noopener\">Une \u00e9thique de l&rsquo;exp\u00e9rience minoritaire, avec Bruno Perreau<\/a> <\/strong>(Genre, etc.) &#8211; (20 minutes)<\/p>\n\n\n\n<p class=\"has-custom-color-5-color has-text-color has-link-color wp-elements-0a8c04e8e8dcd0d552286fb711db7885\" style=\"font-style:normal;font-weight:500\"><strong>34 \u2022 <\/strong><a href=\"https:\/\/www.sismique.fr\/episodes\/140-performance-turbulences-et-robustesse-olivier-hamant\"><strong>Performance, turbulences et robustesse, avec Olivier Hamant<\/strong> <\/a>&#8211; (76 minutes)<br><\/p>\n<\/div>\n<\/div>\n<\/div>\n<\/div>\n<\/div>\n\n\n\n<div class=\"wp-block-group alignfull has-custom-color-3-background-color has-background is-vertical is-content-justification-center is-layout-flex wp-container-core-group-is-layout-66bd2e8f wp-block-group-is-layout-flex\" style=\"min-height:80vh;margin-top:20px;margin-bottom:20px;padding-top:0;padding-right:var(--wp--preset--spacing--50);padding-bottom:0;padding-left:var(--wp--preset--spacing--50)\">\n<div class=\"wp-block-group has-global-padding is-layout-constrained wp-block-group-is-layout-constrained\">\n<figure class=\"wp-block-image aligncenter size-full is-resized\"><img decoding=\"async\" src=\"http:\/\/communesactivistes.org\/wp-content\/themes\/twentytwentyfour\/assets\/images\/icon-message.webp\" alt=\"\" style=\"object-fit:cover;width:45px;height:49px\"\/><\/figure>\n\n\n\n<div style=\"height:var(--wp--preset--spacing--10)\" aria-hidden=\"true\" class=\"wp-block-spacer\"><\/div>\n\n\n\n<h2 class=\"wp-block-heading has-text-align-center has-custom-color-5-color has-text-color has-link-color has-heading-font-family has-x-large-font-size wp-elements-cb4da82418e22598f6111eb293aa6e94\" style=\"margin-right:0;margin-left:0;padding-right:0;padding-left:0\">Recevez les informations sur les prochaines&nbsp;r\u00e9sidences.<\/h2>\n\n\n\n<div style=\"height:var(--wp--preset--spacing--10)\" aria-hidden=\"true\" class=\"wp-block-spacer\"><\/div>\n\n\n\n<div class=\"wp-block-buttons is-content-justification-center is-layout-flex wp-container-core-buttons-is-layout-a89b3969 wp-block-buttons-is-layout-flex\">\n<div class=\"wp-block-button is-style-outline is-style-outline--2\"><a class=\"wp-block-button__link has-base-color has-base-2-background-color has-text-color has-background has-link-color has-border-color has-base-2-border-color wp-element-button\" href=\"mailto:communesactivistes@posteo.net\" target=\"_blank\" rel=\"noreferrer noopener\"><strong>S\u2019inscrire<\/strong><\/a><\/div>\n<\/div>\n<\/div>\n<\/div>\n","protected":false},"excerpt":{"rendered":"<p>Des podcasts, de styles vari\u00e9s, qui nous racontent des mobilisations sociales, nous aident \u00e0 comprendre leur \u00e9mergence, leurs \u00e9volutions, les obstacles ou la r\u00e9pression qu\u2019elles ont rencontr\u00e9s, les strat\u00e9gies ou les th\u00e9ories qu\u2019elles ont mobilis\u00e9es. 1 \u2022 Histoire du Br\u00e9sil en qu\u00eate de libert\u00e9. \u00c9pisode 2\/4 : Br\u00e9sil encha\u00een\u00e9, les r\u00e9voltes d&rsquo;esclaves face \u00e0 l&rsquo;ordre [&hellip;]<\/p>\n","protected":false},"author":1,"featured_media":0,"parent":0,"menu_order":6,"comment_status":"closed","ping_status":"closed","template":"","meta":{"footnotes":""},"class_list":["post-412","page","type-page","status-publish","hentry"],"_links":{"self":[{"href":"https:\/\/communesactivistes.org\/index.php?rest_route=\/wp\/v2\/pages\/412","targetHints":{"allow":["GET"]}}],"collection":[{"href":"https:\/\/communesactivistes.org\/index.php?rest_route=\/wp\/v2\/pages"}],"about":[{"href":"https:\/\/communesactivistes.org\/index.php?rest_route=\/wp\/v2\/types\/page"}],"author":[{"embeddable":true,"href":"https:\/\/communesactivistes.org\/index.php?rest_route=\/wp\/v2\/users\/1"}],"replies":[{"embeddable":true,"href":"https:\/\/communesactivistes.org\/index.php?rest_route=%2Fwp%2Fv2%2Fcomments&post=412"}],"version-history":[{"count":37,"href":"https:\/\/communesactivistes.org\/index.php?rest_route=\/wp\/v2\/pages\/412\/revisions"}],"predecessor-version":[{"id":463,"href":"https:\/\/communesactivistes.org\/index.php?rest_route=\/wp\/v2\/pages\/412\/revisions\/463"}],"wp:attachment":[{"href":"https:\/\/communesactivistes.org\/index.php?rest_route=%2Fwp%2Fv2%2Fmedia&parent=412"}],"curies":[{"name":"wp","href":"https:\/\/api.w.org\/{rel}","templated":true}]}}