{"id":65,"date":"2025-06-22T17:33:01","date_gmt":"2025-06-22T15:33:01","guid":{"rendered":"http:\/\/communesactivistes.org\/?page_id=65"},"modified":"2025-07-21T09:33:03","modified_gmt":"2025-07-21T07:33:03","slug":"65-2","status":"publish","type":"page","link":"https:\/\/communesactivistes.org\/?page_id=65","title":{"rendered":"Notre m\u00e9thode"},"content":{"rendered":"\n<div class=\"wp-block-group alignfull has-base-color has-contrast-background-color has-text-color has-background has-link-color wp-elements-2c84ab971f709b309fce4f99806b3065 is-vertical is-layout-flex wp-container-core-group-is-layout-75eece92 wp-block-group-is-layout-flex\" style=\"padding-top:var(--wp--preset--spacing--50);padding-right:var(--wp--preset--spacing--50);padding-bottom:var(--wp--preset--spacing--50);padding-left:var(--wp--preset--spacing--50)\">\n<div class=\"wp-block-columns alignwide is-layout-flex wp-container-core-columns-is-layout-08c01c1c wp-block-columns-is-layout-flex\">\n<div class=\"wp-block-column is-layout-flow wp-block-column-is-layout-flow\" style=\"flex-basis:33%\">\n<p class=\"has-heading-font-family has-large-font-size\" style=\"line-height:1.2\"><strong>Trois jours de r\u00e9sidence avec une quinzaine de militant\u00b7es pour une exp\u00e9rience collective, riche et transformatrice<\/strong> : nous extraire de notre quotidien, analyser nos mobilisations, et celles d\u2019autres, explorer des dimensions nouvelles qui nourriront nos strat\u00e9gies futures.<\/p>\n<\/div>\n\n\n\n<div class=\"wp-block-column is-vertically-aligned-top is-layout-flow wp-container-core-column-is-layout-119bc444 wp-block-column-is-layout-flow\">\n<div class=\"wp-block-group is-nowrap is-layout-flex wp-container-core-group-is-layout-877c468d wp-block-group-is-layout-flex\">\n<div class=\"wp-block-group is-vertical is-content-justification-left is-nowrap is-layout-flex wp-container-core-group-is-layout-970da055 wp-block-group-is-layout-flex\">\n<div class=\"wp-block-columns is-layout-flex wp-container-core-columns-is-layout-28f84493 wp-block-columns-is-layout-flex\">\n<div class=\"wp-block-column is-layout-flow wp-block-column-is-layout-flow\">\n<div class=\"wp-block-group is-vertical is-layout-flex wp-container-core-group-is-layout-fe9cc265 wp-block-group-is-layout-flex\">\n<p><strong>Le r\u00e9cit des combats pass\u00e9s, victoires ou \u00e9checs, nous donnent acc\u00e8s \u00e0 un vaste r\u00e9servoir d\u2019exp\u00e9riences et d\u2019univers<\/strong><br><br>La diversit\u00e9 des parcours est l\u2019une des cl\u00e9s de l\u2019efficacit\u00e9 du dispositif : du point de vue des \u00e2ges, des domaines d\u2019engagements, des identit\u00e9s et des cultures politiques.<br><\/p>\n<\/div>\n<\/div>\n\n\n\n<div class=\"wp-block-column is-layout-flow wp-block-column-is-layout-flow\">\n<p>Les r\u00e9sidences sont une occasion de prendre la mesure de la vari\u00e9t\u00e9 des formes d\u2019engagement et d\u2019action, de ce qu\u2019elle nous apporte (individuellement et collectivement), et de la fa\u00e7on dont elle peut nous renforcer. Et ce faisant participer \u00e0 fabriquer une culture militante inclusive, tourn\u00e9e vers l\u2019alliage et la composition des formes de luttes.<br><\/p>\n\n\n\n<div class=\"wp-block-buttons is-layout-flex wp-block-buttons-is-layout-flex\">\n<div class=\"wp-block-button\"><a class=\"wp-block-button__link has-custom-color-5-color has-custom-color-3-background-color has-text-color has-background has-link-color wp-element-button\">Je m&rsquo;inscris<\/a><\/div>\n<\/div>\n<\/div>\n<\/div>\n<\/div>\n<\/div>\n<\/div>\n<\/div>\n<\/div>\n\n\n\n<div class=\"wp-block-group alignfull has-custom-color-5-color has-base-background-color has-text-color has-background has-link-color wp-elements-68eaee4e60dedb213653e0e73ab5249d is-vertical is-layout-flex wp-container-core-group-is-layout-75eece92 wp-block-group-is-layout-flex\" style=\"padding-top:var(--wp--preset--spacing--50);padding-right:var(--wp--preset--spacing--50);padding-bottom:var(--wp--preset--spacing--50);padding-left:var(--wp--preset--spacing--50)\">\n<div class=\"wp-block-columns alignwide is-layout-flex wp-container-core-columns-is-layout-08c01c1c wp-block-columns-is-layout-flex\">\n<div class=\"wp-block-column is-layout-flow wp-block-column-is-layout-flow\" style=\"flex-basis:33%\">\n<p class=\"has-heading-font-family has-large-font-size\" style=\"line-height:1.2\">Les r\u00e9sidences sont pens\u00e9es comme des temps de ressourcement, de renforcement individuel, pour recharger nos batteries, ressentir le fait d\u2019\u00eatre chacun\u00b7e une source ou ressource pour d\u2019autres militant\u00b7es, et ouvrir nos horizons<\/p>\n<\/div>\n\n\n\n<div class=\"wp-block-column is-vertically-aligned-top is-layout-flow wp-container-core-column-is-layout-119bc444 wp-block-column-is-layout-flow\">\n<div class=\"wp-block-group is-nowrap is-layout-flex wp-container-core-group-is-layout-877c468d wp-block-group-is-layout-flex\">\n<div class=\"wp-block-group is-vertical is-content-justification-left is-nowrap is-layout-flex wp-container-core-group-is-layout-970da055 wp-block-group-is-layout-flex\">\n<div class=\"wp-block-columns is-layout-flex wp-container-core-columns-is-layout-28f84493 wp-block-columns-is-layout-flex\">\n<div class=\"wp-block-column is-layout-flow wp-block-column-is-layout-flow\">\n<div class=\"wp-block-group is-vertical is-layout-flex wp-container-core-group-is-layout-fe9cc265 wp-block-group-is-layout-flex\">\n<p>La rencontre entre militant\u00b7es assure l\u2019\u00e9change \u00e0 partir des parcours et exp\u00e9rience de chacun, mais aussi la cr\u00e9ation de liens sur le plus long terme, l\u2019acc\u00e8s \u00e0 des r\u00e9seaux et des comp\u00e9tences diff\u00e9rents<br><br><\/p>\n<\/div>\n<\/div>\n\n\n\n<div class=\"wp-block-column is-layout-flow wp-block-column-is-layout-flow\">\n<p>Elles favorisent \u00e9galement une dimension informelle d\u2019\u00e9change pair \u00e0 pair sur des sujets d\u2019importance dans nos parcours militants (rapport aux organisations, au salariat, statuts professionnels, contraintes \u00e9conomiques, etc.).<br><\/p>\n\n\n\n<div class=\"wp-block-buttons is-layout-flex wp-block-buttons-is-layout-flex\">\n<div class=\"wp-block-button\"><a class=\"wp-block-button__link has-custom-color-5-color has-custom-color-3-background-color has-text-color has-background has-link-color wp-element-button\" href=\"https:\/\/communesactivistes.org\/?page_id=259\">Nos outils<\/a><\/div>\n<\/div>\n<\/div>\n<\/div>\n<\/div>\n<\/div>\n<\/div>\n<\/div>\n\n\n\n<hr class=\"wp-block-separator has-alpha-channel-opacity\"\/>\n<\/div>\n\n\n\n<div class=\"wp-block-group alignfull has-base-2-background-color has-background has-global-padding is-layout-constrained wp-container-core-group-is-layout-7cd14b77 wp-block-group-is-layout-constrained\" style=\"margin-top:0;margin-bottom:0;padding-top:var(--wp--preset--spacing--60);padding-right:var(--wp--preset--spacing--60);padding-bottom:var(--wp--preset--spacing--60);padding-left:var(--wp--preset--spacing--60)\">\n<div class=\"wp-block-group alignwide is-layout-flow wp-block-group-is-layout-flow\">\n<div style=\"height:var(--wp--preset--spacing--50)\" aria-hidden=\"true\" class=\"wp-block-spacer\"><\/div>\n\n\n\n<p class=\"has-text-align-center has-base-color has-text-color has-link-color has-heading-font-family has-x-large-font-size wp-elements-c878865a1a46a9059f4a3b5e7827c32c\" style=\"font-style:normal;font-weight:400;line-height:1.2\">\u00ab\u00a0Il n\u2019existe pas de recette de la victoire, en revanche, nous pouvons cultiver une pratique de la r\u00e9flexion strat\u00e9gique, mi technique de combat, mi gymnastique mentale, qui nous aide \u00e0 orienter nos choix, et utiliser au mieux nos ressources individuelles et collectives.\u00a0\u00bb<\/p>\n\n\n\n<div style=\"height:var(--wp--preset--spacing--50)\" aria-hidden=\"true\" class=\"wp-block-spacer\"><\/div>\n<\/div>\n<\/div>\n\n\n\n<div class=\"wp-block-group alignfull has-custom-color-3-background-color has-background is-vertical is-content-justification-center is-layout-flex wp-container-core-group-is-layout-66bd2e8f wp-block-group-is-layout-flex\" style=\"min-height:80vh;margin-top:20px;margin-bottom:20px;padding-top:0;padding-right:var(--wp--preset--spacing--50);padding-bottom:0;padding-left:var(--wp--preset--spacing--50)\">\n<div class=\"wp-block-group has-global-padding is-layout-constrained wp-block-group-is-layout-constrained\">\n<figure class=\"wp-block-image aligncenter size-full is-resized\"><img decoding=\"async\" src=\"http:\/\/communesactivistes.org\/wp-content\/themes\/twentytwentyfour\/assets\/images\/icon-message.webp\" alt=\"\" style=\"object-fit:cover;width:45px;height:49px\"\/><\/figure>\n\n\n\n<div style=\"height:var(--wp--preset--spacing--10)\" aria-hidden=\"true\" class=\"wp-block-spacer\"><\/div>\n\n\n\n<h2 class=\"wp-block-heading has-text-align-center has-custom-color-5-color has-text-color has-link-color has-heading-font-family has-x-large-font-size wp-elements-cb4da82418e22598f6111eb293aa6e94\" style=\"margin-right:0;margin-left:0;padding-right:0;padding-left:0\">Recevez les informations sur les prochaines&nbsp;r\u00e9sidences.<\/h2>\n\n\n\n<div style=\"height:var(--wp--preset--spacing--10)\" aria-hidden=\"true\" class=\"wp-block-spacer\"><\/div>\n\n\n\n<div class=\"wp-block-buttons is-content-justification-center is-layout-flex wp-container-core-buttons-is-layout-a89b3969 wp-block-buttons-is-layout-flex\">\n<div class=\"wp-block-button is-style-outline is-style-outline--1\"><a class=\"wp-block-button__link has-base-color has-base-2-background-color has-text-color has-background has-link-color has-border-color has-base-2-border-color wp-element-button\" href=\"mailto:communesactivistes@posteo.net\" target=\"_blank\" rel=\"noreferrer noopener\"><strong>S\u2019inscrire<\/strong><\/a><\/div>\n<\/div>\n<\/div>\n<\/div>\n","protected":false},"excerpt":{"rendered":"<p>Trois jours de r\u00e9sidence avec une quinzaine de militant\u00b7es pour une exp\u00e9rience collective, riche et transformatrice : nous extraire de notre quotidien, analyser nos mobilisations, et celles d\u2019autres, explorer des dimensions nouvelles qui nourriront nos strat\u00e9gies futures. Le r\u00e9cit des combats pass\u00e9s, victoires ou \u00e9checs, nous donnent acc\u00e8s \u00e0 un vaste r\u00e9servoir d\u2019exp\u00e9riences et d\u2019univers [&hellip;]<\/p>\n","protected":false},"author":1,"featured_media":0,"parent":0,"menu_order":0,"comment_status":"closed","ping_status":"closed","template":"","meta":{"footnotes":""},"class_list":["post-65","page","type-page","status-publish","hentry"],"_links":{"self":[{"href":"https:\/\/communesactivistes.org\/index.php?rest_route=\/wp\/v2\/pages\/65","targetHints":{"allow":["GET"]}}],"collection":[{"href":"https:\/\/communesactivistes.org\/index.php?rest_route=\/wp\/v2\/pages"}],"about":[{"href":"https:\/\/communesactivistes.org\/index.php?rest_route=\/wp\/v2\/types\/page"}],"author":[{"embeddable":true,"href":"https:\/\/communesactivistes.org\/index.php?rest_route=\/wp\/v2\/users\/1"}],"replies":[{"embeddable":true,"href":"https:\/\/communesactivistes.org\/index.php?rest_route=%2Fwp%2Fv2%2Fcomments&post=65"}],"version-history":[{"count":38,"href":"https:\/\/communesactivistes.org\/index.php?rest_route=\/wp\/v2\/pages\/65\/revisions"}],"predecessor-version":[{"id":450,"href":"https:\/\/communesactivistes.org\/index.php?rest_route=\/wp\/v2\/pages\/65\/revisions\/450"}],"wp:attachment":[{"href":"https:\/\/communesactivistes.org\/index.php?rest_route=%2Fwp%2Fv2%2Fmedia&parent=65"}],"curies":[{"name":"wp","href":"https:\/\/api.w.org\/{rel}","templated":true}]}}